{"id":202,"date":"2025-05-01T12:00:02","date_gmt":"2025-05-01T10:00:02","guid":{"rendered":"https:\/\/demo.mekshq.com\/typology\/?page_id=202"},"modified":"2025-06-10T11:14:27","modified_gmt":"2025-06-10T09:14:27","slug":"wesprzyj-moja-droge","status":"publish","type":"page","link":"https:\/\/makemeorganist.com\/index.php\/wesprzyj-moja-droge\/","title":{"rendered":"Wesprzyj moj\u0105 drog\u0119!"},"content":{"rendered":"\n<p>Je\u015bli jeste\u015b tu i czytasz ten wpis \u2013 to znaczy, \u017ce cho\u0107 na chwil\u0119 zatrzyma\u0142e\u015b si\u0119 na mojej stronie. Mo\u017ce \u015bledzisz moj\u0105 drog\u0119, mo\u017ce dopiero trafi\u0142e\u015b przypadkiem. Tak czy inaczej \u2013 dzi\u0119kuj\u0119 Ci za uwag\u0119.<\/p>\n\n\n\n<p>Prowadz\u0119 ten blog (a mo\u017ce bardziej dziennik) jako dokumentacj\u0119 mojej \u015bcie\u017cki: od kompletnego zera do momentu, w kt\u00f3rym \u2013 mam nadziej\u0119 \u2013 zagram swoj\u0105 pierwsz\u0105 msz\u0119 jako organista. To nie b\u0119dzie kr\u00f3tka podr\u00f3\u017c. Przede mn\u0105 pi\u0119\u0107 lat nauki, pr\u00f3b, b\u0142\u0119d\u00f3w i nowych do\u015bwiadcze\u0144. Wszystko to robi\u0119 po godzinach, z pasji i potrzeby serca.<\/p>\n\n\n\n<p>Zdecydowa\u0142em si\u0119 uruchomi\u0107 profil na <strong><a href=\"https:\/\/buycoffee.to\/makemeorganist\" data-type=\"link\" data-id=\"https:\/\/buycoffee.to\/makemeorganist\">buycoffee.to<\/a><\/strong> \u2013 platformie, dzi\u0119ki kt\u00f3rej mo\u017cesz postawi\u0107 mi symboliczn\u0105 kaw\u0119 \u2615. Twoje wsparcie \u2013 nawet najmniejsze \u2013 ma dla mnie ogromne znaczenie.<\/p>\n\n\n\n<p>Bo ka\u017cda taka wp\u0142ata to nie tylko pomoc w pokryciu koszt\u00f3w nauki, dojazd\u00f3w, materia\u0142\u00f3w, ale te\u017c znak, \u017ce to, co robi\u0119, ma sens. \u017be jest kto\u015b po drugiej stronie ekranu, kto kibicuje, trzyma kciuki i mo\u017ce\u2026 sam rozwa\u017ca podobn\u0105 drog\u0119?<\/p>\n\n\n\n<p>Je\u015bli chcesz do\u0142o\u017cy\u0107 swoj\u0105 cegie\u0142k\u0119 do tej muzycznej misji \u2013 b\u0119d\u0119 wdzi\u0119czny. Znajdziesz mnie tutaj: <a href=\"https:\/\/buycoffee.to\/makemeorganist\">https:\/\/buycoffee.to\/makemeorganist<\/a><\/p>\n\n\n\n<p>Dzi\u0119kuj\u0119. I do zobaczenia w kolejnym wpisie!<br>M.<\/p>\n","protected":false},"excerpt":{"rendered":"<p>Je\u015bli jeste\u015b tu i czytasz ten wpis \u2013 to znaczy, \u017ce cho\u0107 na chwil\u0119 zatrzyma\u0142e\u015b si\u0119 na mojej stronie. Mo\u017ce \u015bledzisz moj\u0105 drog\u0119, mo\u017ce dopiero trafi\u0142e\u015b przypadkiem. Tak czy inaczej \u2013 dzi\u0119kuj\u0119 Ci za uwag\u0119. Prowadz\u0119 ten blog (a mo\u017ce bardziej dziennik) jako dokumentacj\u0119 mojej \u015bcie\u017cki: od kompletnego zera do momentu, w kt\u00f3rym \u2013 mam [&hellip;]<\/p>\n","protected":false},"author":1,"featured_media":0,"parent":0,"menu_order":1,"comment_status":"closed","ping_status":"closed","template":"","meta":{"footnotes":""},"class_list":["post-202","page","type-page","status-publish","hentry"],"jetpack_sharing_enabled":true,"_links":{"self":[{"href":"https:\/\/makemeorganist.com\/index.php\/wp-json\/wp\/v2\/pages\/202","targetHints":{"allow":["GET"]}}],"collection":[{"href":"https:\/\/makemeorganist.com\/index.php\/wp-json\/wp\/v2\/pages"}],"about":[{"href":"https:\/\/makemeorganist.com\/index.php\/wp-json\/wp\/v2\/types\/page"}],"author":[{"embeddable":true,"href":"https:\/\/makemeorganist.com\/index.php\/wp-json\/wp\/v2\/users\/1"}],"replies":[{"embeddable":true,"href":"https:\/\/makemeorganist.com\/index.php\/wp-json\/wp\/v2\/comments?post=202"}],"version-history":[{"count":3,"href":"https:\/\/makemeorganist.com\/index.php\/wp-json\/wp\/v2\/pages\/202\/revisions"}],"predecessor-version":[{"id":548,"href":"https:\/\/makemeorganist.com\/index.php\/wp-json\/wp\/v2\/pages\/202\/revisions\/548"}],"wp:attachment":[{"href":"https:\/\/makemeorganist.com\/index.php\/wp-json\/wp\/v2\/media?parent=202"}],"curies":[{"name":"wp","href":"https:\/\/api.w.org\/{rel}","templated":true}]}}